{"id":36,"date":"2021-08-29T20:52:04","date_gmt":"2021-08-29T18:52:04","guid":{"rendered":"http:\/\/proxima.biz.pl\/?page_id=36"},"modified":"2021-08-29T20:52:04","modified_gmt":"2021-08-29T18:52:04","slug":"kontakt-do-biura","status":"publish","type":"page","link":"http:\/\/proxima.biz.pl\/index.php\/kontakt\/kontakt-do-biura\/","title":{"rendered":"Kontakt do biura"},"content":{"rendered":"<p>tel.kom. 501-545-923<br \/>\ne-mail: <a href=\"mailto:info@proxima.biz.pl\">info@proxima.biz.pl<\/a><\/p>\n<div class=\"gmap\" id=\"gmap\"><\/div>\n<p><script type=\"text\/javascript\"><br \/>\n\tjQuery(document).ready(function($) {<br \/>\n\t\tjQuery('#gmap').goMap({<br \/>\n\t\t\taddress: '26-502 Jastrz\u0105b, G\u0105sawy Rz\u0105dowe 4',<br \/>\n\t\t\tmaptype: 'roadmap',<br \/>\n\t\t\tzoom: 18,<br \/>\n\t\t\tscrollwheel: true,<br \/>\n\t\t\tscaleControl: true,<br \/>\n\t\t\tnavigationControl: true,<br \/>\n\t        markers: [{<br \/>\n\t\t\taddress: '26-502 Jastrz\u0105b, G\u0105sawy Rz\u0105dowe 4',<br \/>\n\t\t\thtml: {<br \/>\n\t\t\t\tcontent: '26-502 Jastrz\u0105b, G\u0105sawy Rz\u0105dowe 4',<br \/>\n\t\t\t\tpopup: true<br \/>\n\t\t\t}<br \/>\n\t\t},],\t\t});<br \/>\n\t});<br \/>\n\t<\/script><\/p>\n","protected":false},"excerpt":{"rendered":"<p>tel.kom. 501-545-923 e-mail: info@proxima.biz.pl<\/p>\n","protected":false},"author":1,"featured_media":0,"parent":34,"menu_order":0,"comment_status":"closed","ping_status":"closed","template":"","meta":{"footnotes":""},"class_list":["post-36","page","type-page","status-publish","hentry"],"_links":{"self":[{"href":"http:\/\/proxima.biz.pl\/index.php\/wp-json\/wp\/v2\/pages\/36","targetHints":{"allow":["GET"]}}],"collection":[{"href":"http:\/\/proxima.biz.pl\/index.php\/wp-json\/wp\/v2\/pages"}],"about":[{"href":"http:\/\/proxima.biz.pl\/index.php\/wp-json\/wp\/v2\/types\/page"}],"author":[{"embeddable":true,"href":"http:\/\/proxima.biz.pl\/index.php\/wp-json\/wp\/v2\/users\/1"}],"replies":[{"embeddable":true,"href":"http:\/\/proxima.biz.pl\/index.php\/wp-json\/wp\/v2\/comments?post=36"}],"version-history":[{"count":1,"href":"http:\/\/proxima.biz.pl\/index.php\/wp-json\/wp\/v2\/pages\/36\/revisions"}],"predecessor-version":[{"id":37,"href":"http:\/\/proxima.biz.pl\/index.php\/wp-json\/wp\/v2\/pages\/36\/revisions\/37"}],"up":[{"embeddable":true,"href":"http:\/\/proxima.biz.pl\/index.php\/wp-json\/wp\/v2\/pages\/34"}],"wp:attachment":[{"href":"http:\/\/proxima.biz.pl\/index.php\/wp-json\/wp\/v2\/media?parent=36"}],"curies":[{"name":"wp","href":"https:\/\/api.w.org\/{rel}","templated":true}]}}