{"id":49,"date":"2021-08-29T21:05:57","date_gmt":"2021-08-29T19:05:57","guid":{"rendered":"http:\/\/proxima.biz.pl\/?page_id=49"},"modified":"2021-08-31T12:10:21","modified_gmt":"2021-08-31T10:10:21","slug":"o-firmie","status":"publish","type":"page","link":"http:\/\/proxima.biz.pl\/index.php\/o-firmie\/","title":{"rendered":"O firmie"},"content":{"rendered":"<p><b>Dlaczego my<\/b><\/p>\n<p>Obszary dzia\u0142alno\u015bci &#8222;PROXIMA&#8221; Andrzej Jasi\u0144ski:<\/p>\n<ul>\n<li>obs\u0142uga informatyczno-wdro\u017ceniowa podmiot\u00f3w administruj\u0105cych zasobami mieszkaniowymi (od roku 1989)\u00a0<a href=\"https:\/\/proxima.biz.pl\/index.php\/referencje\/moje-wdrozenia-oprogramowania\/\">&#8230;wi\u0119cej<\/a>,<\/li>\n<li>szkolenia w zakresie obs\u0142ugi oprogramowania og\u00f3lnego u\u017cytku: Windows, Excel, Word, Access (od roku 2000) <a href=\"https:\/\/proxima.biz.pl\/index.php\/referencje\/moje-szkolenia\/\">&#8230;wi\u0119cej<\/a>,<\/li>\n<li>tworzenie i aktualizacja\u00a0indywidualnych serwis\u00f3w WWW (od roku 2000 do 2013),<\/li>\n<li>organizowanie dzia\u0142a\u0144 Centrum Rozwoju Wellness do roku 2010 w Polsce (od roku 2002) i\u00a0w Radomiu\u00a0(od roku 2004),<\/li>\n<li>organizacja i prowadzenie Centrum Odchudzania i Od\u017cywiania w Radomiu \u00a0\u00a0\u00a0(od roku 2004) <a class=\"tlink\" href=\"https:\/\/proxima.biz.pl\/index.php\/o-firmie\/zdrowy-tryb-zycia\/\">&#8230;wi\u0119cej<\/a>,<\/li>\n<\/ul>\n<p><strong>Nasz\u0105 misj\u0105 jest:<\/strong><\/p>\n<p align=\"center\"><strong><span style=\"font-size: medium;\">Indywidualne rozwi\u0105zania na miar\u0119 potrzeb i zasob\u00f3w.<\/span><\/strong><\/p>\n<p>Fakty:<\/p>\n<ul>\n<li>Wieloletnie do\u015bwiadczenie<\/li>\n<li>Elastyczne rozwi\u0105zania funkcjonalne i cenowe<\/li>\n<li>Lista zadowolonych klient\u00f3w<\/li>\n<\/ul>\n","protected":false},"excerpt":{"rendered":"<p>Dlaczego my Obszary dzia\u0142alno\u015bci &#8222;PROXIMA&#8221; Andrzej Jasi\u0144ski: obs\u0142uga informatyczno-wdro\u017ceniowa podmiot\u00f3w administruj\u0105cych zasobami mieszkaniowymi (od roku 1989)\u00a0&#8230;wi\u0119cej, szkolenia w zakresie obs\u0142ugi oprogramowania og\u00f3lnego u\u017cytku: Windows, Excel, Word, Access (od roku 2000) &#8230;wi\u0119cej, tworzenie i aktualizacja\u00a0indywidualnych serwis\u00f3w WWW (od roku 2000 do 2013), organizowanie dzia\u0142a\u0144 Centrum Rozwoju Wellness do roku 2010 w Polsce (od roku 2002) i\u00a0w [&hellip;]<\/p>\n","protected":false},"author":1,"featured_media":0,"parent":0,"menu_order":0,"comment_status":"closed","ping_status":"closed","template":"","meta":{"footnotes":""},"class_list":["post-49","page","type-page","status-publish","hentry"],"_links":{"self":[{"href":"http:\/\/proxima.biz.pl\/index.php\/wp-json\/wp\/v2\/pages\/49","targetHints":{"allow":["GET"]}}],"collection":[{"href":"http:\/\/proxima.biz.pl\/index.php\/wp-json\/wp\/v2\/pages"}],"about":[{"href":"http:\/\/proxima.biz.pl\/index.php\/wp-json\/wp\/v2\/types\/page"}],"author":[{"embeddable":true,"href":"http:\/\/proxima.biz.pl\/index.php\/wp-json\/wp\/v2\/users\/1"}],"replies":[{"embeddable":true,"href":"http:\/\/proxima.biz.pl\/index.php\/wp-json\/wp\/v2\/comments?post=49"}],"version-history":[{"count":3,"href":"http:\/\/proxima.biz.pl\/index.php\/wp-json\/wp\/v2\/pages\/49\/revisions"}],"predecessor-version":[{"id":171,"href":"http:\/\/proxima.biz.pl\/index.php\/wp-json\/wp\/v2\/pages\/49\/revisions\/171"}],"wp:attachment":[{"href":"http:\/\/proxima.biz.pl\/index.php\/wp-json\/wp\/v2\/media?parent=49"}],"curies":[{"name":"wp","href":"https:\/\/api.w.org\/{rel}","templated":true}]}}