{"id":5,"date":"2021-08-29T18:02:25","date_gmt":"2021-08-29T16:02:25","guid":{"rendered":"http:\/\/proxima.biz.pl\/?page_id=5"},"modified":"2021-08-29T18:02:25","modified_gmt":"2021-08-29T16:02:25","slug":"strona-glowna","status":"publish","type":"page","link":"http:\/\/proxima.biz.pl\/","title":{"rendered":"Strona g\u0142\u00f3wna"},"content":{"rendered":"<p><strong>Witam \ud83d\ude42<\/strong><\/p>\n<p>Moja firma kieruje si\u0119 zasad\u0105 &#8222;rozwi\u0105zania na miar\u0119 potrzeb i zasobno\u015bci&#8221;.<\/p>\n<p>Poniewa\u017c prowadz\u0119 firm\u0119 rodzinn\u0105, mam do zaproponowania dwie, tylko pozornie niezwi\u0105zane ze sob\u0105, oferty (w kolejno\u015bci chronologicznej):<\/p>\n<ul type=\"disc\">\n<li>Us\u0142ugi informatyczne &nbsp;w bran\u017cy&nbsp;oprogramowania dla firm, a w szczeg\u00f3lno\u015bci&nbsp;sp\u00f3\u0142dzielni mieszkaniowych, zarz\u0105dc\u00f3w budynk\u00f3w (nieruchomo\u015bci) lub dostawc\u00f3w medi\u00f3w (woda, ciep\u0142o).<br \/>\nMam bogate do\u015bwiadczenia w <strong>skutecznym<\/strong> wdra\u017caniu i bie\u017c\u0105cej obs\u0142udze tego rodzaju oprogramowania.<\/p>\n<hr>\n<\/li>\n<li>Doradztwo w zakresie zdrowego stylu \u017cycia, a w szczeg\u00f3lno\u015bci od\u017cywiania i odchudzania.<br \/>\nMamy wielu <strong>zadowolonych<\/strong> klient\u00f3w odchudzonych lub w zdecydowanie lepszej kondycji. Wi\u0119cej na stronie:&nbsp;<a href=\"https:\/\/www.facebook.com\/KlubSzydlowiec\/\" target=\"_blank\" rel=\"noopener\">Klub Zdrowego Trybu \u017bycia<\/a><\/p>\n<hr>\n<\/li>\n<\/ul>\n<p>Co \u0142\u0105czy obie oferty opr\u00f3cz wi\u0119z\u00f3w rodzinnych &#8211; pracuj\u0105c przy komputerze, opr\u00f3cz do\u015bwiadczenia w bran\u017cy dorobi\u0142em si\u0119 znacznej nadwagi. To w\u0142a\u015bnie z tego powodu w mojej dzia\u0142alno\u015bci pojawi\u0142a si\u0119 ta druga dziedzina.<\/p>\n<p>Wszelkie pytania i uwagi&nbsp;prosz\u0119 kierowa\u0107 pod adres e-mail: <a href=\"mailto:info@proxima.biz.pl\">info@proxima.biz.pl<\/a>.<\/p>\n<p>Z g\u00f3ry dzi\u0119kuj\u0119 za odwiedziny i zapraszam ponownie.<\/p>\n<p><center>R&nbsp;&nbsp;&nbsp;E&nbsp;&nbsp;&nbsp;K&nbsp;&nbsp;&nbsp;L&nbsp;&nbsp;&nbsp;A&nbsp;&nbsp;&nbsp;M&nbsp;&nbsp;&nbsp;A<br \/>\n<script src=\"http:\/\/adserwer.mbank.net.pl\/kreacje\/kreacja.js?option=ppmbank&amp;prod=1&amp;sprzedawca=85242890&amp;adsid=mBank&amp;bid=106\" type=\"text\/javascript\">\/\/ < ![CDATA[\n\/\/ < ![CDATA[ \/\/ < ![CDATA[ \/\/ < ![CDATA[\n\/\/ ]]><\/script><br \/>\n[useful_banner_manager_banner_rotation banners=1,3 interval=5 width=750 height=100 orderby=rand]<\/center><\/p>\n","protected":false},"excerpt":{"rendered":"<p>Witam \ud83d\ude42 Moja firma kieruje si\u0119 zasad\u0105 &#8222;rozwi\u0105zania na miar\u0119 potrzeb i zasobno\u015bci&#8221;. Poniewa\u017c prowadz\u0119 firm\u0119 rodzinn\u0105, mam do zaproponowania dwie, tylko pozornie niezwi\u0105zane ze sob\u0105, oferty (w kolejno\u015bci chronologicznej): Us\u0142ugi informatyczne &nbsp;w bran\u017cy&nbsp;oprogramowania dla firm, a w szczeg\u00f3lno\u015bci&nbsp;sp\u00f3\u0142dzielni mieszkaniowych, zarz\u0105dc\u00f3w budynk\u00f3w (nieruchomo\u015bci) lub dostawc\u00f3w medi\u00f3w (woda, ciep\u0142o). Mam bogate do\u015bwiadczenia w skutecznym wdra\u017caniu i [&hellip;]<\/p>\n","protected":false},"author":1,"featured_media":0,"parent":0,"menu_order":0,"comment_status":"closed","ping_status":"closed","template":"","meta":{"footnotes":""},"class_list":["post-5","page","type-page","status-publish","hentry"],"_links":{"self":[{"href":"http:\/\/proxima.biz.pl\/index.php\/wp-json\/wp\/v2\/pages\/5","targetHints":{"allow":["GET"]}}],"collection":[{"href":"http:\/\/proxima.biz.pl\/index.php\/wp-json\/wp\/v2\/pages"}],"about":[{"href":"http:\/\/proxima.biz.pl\/index.php\/wp-json\/wp\/v2\/types\/page"}],"author":[{"embeddable":true,"href":"http:\/\/proxima.biz.pl\/index.php\/wp-json\/wp\/v2\/users\/1"}],"replies":[{"embeddable":true,"href":"http:\/\/proxima.biz.pl\/index.php\/wp-json\/wp\/v2\/comments?post=5"}],"version-history":[{"count":1,"href":"http:\/\/proxima.biz.pl\/index.php\/wp-json\/wp\/v2\/pages\/5\/revisions"}],"predecessor-version":[{"id":6,"href":"http:\/\/proxima.biz.pl\/index.php\/wp-json\/wp\/v2\/pages\/5\/revisions\/6"}],"wp:attachment":[{"href":"http:\/\/proxima.biz.pl\/index.php\/wp-json\/wp\/v2\/media?parent=5"}],"curies":[{"name":"wp","href":"https:\/\/api.w.org\/{rel}","templated":true}]}}