{"id":52,"date":"2021-08-29T21:06:56","date_gmt":"2021-08-29T19:06:56","guid":{"rendered":"http:\/\/proxima.biz.pl\/?page_id=52"},"modified":"2021-08-29T21:06:56","modified_gmt":"2021-08-29T19:06:56","slug":"oprogramowanie","status":"publish","type":"page","link":"http:\/\/proxima.biz.pl\/index.php\/o-firmie\/oprogramowanie\/","title":{"rendered":"Oprogramowanie"},"content":{"rendered":"<p><b>Kompletne doradztwo we wdra\u017caniu oprogramowania dedykowanego administruj\u0105cym budynkami<\/b><\/p>\n<p>Wdra\u017caniem oprogramowania w bran\u017cy &#8222;podmiot\u00f3w administruj\u0105cych budynkami&#8221; zajmuj\u0119 si\u0119 od roku 1989.<br \/>\n<a href=\"http:\/\/proxima.biz.pl\/referencje\/\">Lata do\u015bwiadcze\u0144<\/a> procentuj\u0105 teraz wiedz\u0105 nie tylko o specyfice dzia\u0142ania&nbsp;sp\u00f3\u0142dzielni mieszkaniowych, administracji ale tak\u017ce&nbsp;do\u015bwiadczeniem we wdra\u017caniu i doborze &nbsp;oprogramowania.<br \/>\nDodatkowo moje do\u015bwiadczenie dydaktyczne,&nbsp;zdobyte w czasie &nbsp;szkole\u0144, pozwala mi &#8222;t\u0142umaczy\u0107&#8221; j\u0119zyk informatyk\u00f3w na j\u0119zyk ksi\u0119gowo\u015bci, rozlicze\u0144 &#8211; j\u0119zyk u\u017cytkownik\u00f3w komputer\u00f3w.<\/p>\n<p>&nbsp;<\/p>\n","protected":false},"excerpt":{"rendered":"<p>Kompletne doradztwo we wdra\u017caniu oprogramowania dedykowanego administruj\u0105cym budynkami Wdra\u017caniem oprogramowania w bran\u017cy &#8222;podmiot\u00f3w administruj\u0105cych budynkami&#8221; zajmuj\u0119 si\u0119 od roku 1989. Lata do\u015bwiadcze\u0144 procentuj\u0105 teraz wiedz\u0105 nie tylko o specyfice dzia\u0142ania&nbsp;sp\u00f3\u0142dzielni mieszkaniowych, administracji ale tak\u017ce&nbsp;do\u015bwiadczeniem we wdra\u017caniu i doborze &nbsp;oprogramowania. Dodatkowo moje do\u015bwiadczenie dydaktyczne,&nbsp;zdobyte w czasie &nbsp;szkole\u0144, pozwala mi &#8222;t\u0142umaczy\u0107&#8221; j\u0119zyk informatyk\u00f3w na j\u0119zyk ksi\u0119gowo\u015bci, rozlicze\u0144 [&hellip;]<\/p>\n","protected":false},"author":1,"featured_media":0,"parent":49,"menu_order":0,"comment_status":"closed","ping_status":"closed","template":"","meta":{"footnotes":""},"class_list":["post-52","page","type-page","status-publish","hentry"],"_links":{"self":[{"href":"http:\/\/proxima.biz.pl\/index.php\/wp-json\/wp\/v2\/pages\/52","targetHints":{"allow":["GET"]}}],"collection":[{"href":"http:\/\/proxima.biz.pl\/index.php\/wp-json\/wp\/v2\/pages"}],"about":[{"href":"http:\/\/proxima.biz.pl\/index.php\/wp-json\/wp\/v2\/types\/page"}],"author":[{"embeddable":true,"href":"http:\/\/proxima.biz.pl\/index.php\/wp-json\/wp\/v2\/users\/1"}],"replies":[{"embeddable":true,"href":"http:\/\/proxima.biz.pl\/index.php\/wp-json\/wp\/v2\/comments?post=52"}],"version-history":[{"count":1,"href":"http:\/\/proxima.biz.pl\/index.php\/wp-json\/wp\/v2\/pages\/52\/revisions"}],"predecessor-version":[{"id":53,"href":"http:\/\/proxima.biz.pl\/index.php\/wp-json\/wp\/v2\/pages\/52\/revisions\/53"}],"up":[{"embeddable":true,"href":"http:\/\/proxima.biz.pl\/index.php\/wp-json\/wp\/v2\/pages\/49"}],"wp:attachment":[{"href":"http:\/\/proxima.biz.pl\/index.php\/wp-json\/wp\/v2\/media?parent=52"}],"curies":[{"name":"wp","href":"https:\/\/api.w.org\/{rel}","templated":true}]}}