{"id":54,"date":"2021-08-29T21:07:48","date_gmt":"2021-08-29T19:07:48","guid":{"rendered":"http:\/\/proxima.biz.pl\/?page_id=54"},"modified":"2021-08-29T21:07:48","modified_gmt":"2021-08-29T19:07:48","slug":"szkolenia","status":"publish","type":"page","link":"http:\/\/proxima.biz.pl\/index.php\/o-firmie\/szkolenia\/","title":{"rendered":"Szkolenia"},"content":{"rendered":"<p>Prowadzenie szkole\u0144&nbsp;jest nast\u0119pstwem wykszta\u0142cenia w dziedzinie komunikacji&nbsp; interpersonalnej oraz do\u015bwiadczenia&nbsp;w szkoleniu u\u017cytkownik\u00f3w oprogramowania podczas&nbsp;wdro\u017ce\u0144 &#8211; kontaktu z&nbsp;tzw. &#8222;przeci\u0119tnym u\u017cytkownikiem&#8221;.<br \/>\nPrzeci\u0119tnym w sensie statystycznym, co w praktyce oznacza zr\u00f3\u017cnicowanie: nastawienie do zmian,&nbsp;charakter\u00f3w, sposob\u00f3w postrzegania \u015bwiata, poziom dotychczasowych umiej\u0119tno\u015bci i wielu jeszcze innych czynnik\u00f3w. Oznacza to wi\u0119c z mojej strony r\u00f3\u017cnorodno\u015b\u0107 sposob\u00f3w podej\u015bcia do szkolenia odbiorc\u00f3w.<\/p>\n","protected":false},"excerpt":{"rendered":"<p>Prowadzenie szkole\u0144&nbsp;jest nast\u0119pstwem wykszta\u0142cenia w dziedzinie komunikacji&nbsp; interpersonalnej oraz do\u015bwiadczenia&nbsp;w szkoleniu u\u017cytkownik\u00f3w oprogramowania podczas&nbsp;wdro\u017ce\u0144 &#8211; kontaktu z&nbsp;tzw. &#8222;przeci\u0119tnym u\u017cytkownikiem&#8221;. Przeci\u0119tnym w sensie statystycznym, co w praktyce oznacza zr\u00f3\u017cnicowanie: nastawienie do zmian,&nbsp;charakter\u00f3w, sposob\u00f3w postrzegania \u015bwiata, poziom dotychczasowych umiej\u0119tno\u015bci i wielu jeszcze innych czynnik\u00f3w. Oznacza to wi\u0119c z mojej strony r\u00f3\u017cnorodno\u015b\u0107 sposob\u00f3w podej\u015bcia do szkolenia odbiorc\u00f3w.<\/p>\n","protected":false},"author":1,"featured_media":0,"parent":49,"menu_order":0,"comment_status":"closed","ping_status":"closed","template":"","meta":{"footnotes":""},"class_list":["post-54","page","type-page","status-publish","hentry"],"_links":{"self":[{"href":"http:\/\/proxima.biz.pl\/index.php\/wp-json\/wp\/v2\/pages\/54","targetHints":{"allow":["GET"]}}],"collection":[{"href":"http:\/\/proxima.biz.pl\/index.php\/wp-json\/wp\/v2\/pages"}],"about":[{"href":"http:\/\/proxima.biz.pl\/index.php\/wp-json\/wp\/v2\/types\/page"}],"author":[{"embeddable":true,"href":"http:\/\/proxima.biz.pl\/index.php\/wp-json\/wp\/v2\/users\/1"}],"replies":[{"embeddable":true,"href":"http:\/\/proxima.biz.pl\/index.php\/wp-json\/wp\/v2\/comments?post=54"}],"version-history":[{"count":1,"href":"http:\/\/proxima.biz.pl\/index.php\/wp-json\/wp\/v2\/pages\/54\/revisions"}],"predecessor-version":[{"id":55,"href":"http:\/\/proxima.biz.pl\/index.php\/wp-json\/wp\/v2\/pages\/54\/revisions\/55"}],"up":[{"embeddable":true,"href":"http:\/\/proxima.biz.pl\/index.php\/wp-json\/wp\/v2\/pages\/49"}],"wp:attachment":[{"href":"http:\/\/proxima.biz.pl\/index.php\/wp-json\/wp\/v2\/media?parent=54"}],"curies":[{"name":"wp","href":"https:\/\/api.w.org\/{rel}","templated":true}]}}