{"id":56,"date":"2021-08-29T21:09:46","date_gmt":"2021-08-29T19:09:46","guid":{"rendered":"http:\/\/proxima.biz.pl\/?page_id=56"},"modified":"2021-08-29T21:18:43","modified_gmt":"2021-08-29T19:18:43","slug":"zdrowy-tryb-zycia","status":"publish","type":"page","link":"http:\/\/proxima.biz.pl\/index.php\/o-firmie\/zdrowy-tryb-zycia\/","title":{"rendered":"Zdrowy tryb \u017cycia"},"content":{"rendered":"<p><b>Doradztwo w zakresie zdrowego trybu \u017cycia<\/b><br \/>\njest oddzieln\u0105 w ramach firmy, komercyjn\u0105 dzia\u0142alno\u015bci\u0105 w&nbsp;bran\u017cy Wellness, zajmuj\u0105c\u0105 si\u0119 \u015bwiadczeniem us\u0142ug doradczych w&nbsp;zakresie uk\u0142adania indywidualnych plan\u00f3w \u017cywieniowo-suplementacyjnych opartych na najnowszej piramidzie zdrowia i&nbsp;odpowiednio skomponowanych zestawach suplement\u00f3w \u017cywieniowych firmy Herbalife Nutrition.<br \/>\nBran\u017ca poprawy samopoczucia (ang. Wellness), notuje coraz wi\u0119ksze tempo rozwoju. Dla nas oznacza to coraz wi\u0119ksze zainteresowanie naszymi us\u0142ugami i&nbsp;przek\u0142ada si\u0119 na coraz wi\u0119ksza liczb\u0119 klient\u00f3w.<br \/>\nWi\u0119cej na: <a class=\"tlink\" href=\"https:\/\/www.facebook.com\/KlubSzydlowiec\/\">Klub Zdrowego Trybu \u017bycia<\/a><\/p>\n","protected":false},"excerpt":{"rendered":"<p>Doradztwo w zakresie zdrowego trybu \u017cycia jest oddzieln\u0105 w ramach firmy, komercyjn\u0105 dzia\u0142alno\u015bci\u0105 w&nbsp;bran\u017cy Wellness, zajmuj\u0105c\u0105 si\u0119 \u015bwiadczeniem us\u0142ug doradczych w&nbsp;zakresie uk\u0142adania indywidualnych plan\u00f3w \u017cywieniowo-suplementacyjnych opartych na najnowszej piramidzie zdrowia i&nbsp;odpowiednio skomponowanych zestawach suplement\u00f3w \u017cywieniowych firmy Herbalife Nutrition. Bran\u017ca poprawy samopoczucia (ang. Wellness), notuje coraz wi\u0119ksze tempo rozwoju. Dla nas oznacza to coraz wi\u0119ksze zainteresowanie [&hellip;]<\/p>\n","protected":false},"author":1,"featured_media":0,"parent":49,"menu_order":0,"comment_status":"closed","ping_status":"closed","template":"","meta":{"footnotes":""},"class_list":["post-56","page","type-page","status-publish","hentry"],"_links":{"self":[{"href":"http:\/\/proxima.biz.pl\/index.php\/wp-json\/wp\/v2\/pages\/56","targetHints":{"allow":["GET"]}}],"collection":[{"href":"http:\/\/proxima.biz.pl\/index.php\/wp-json\/wp\/v2\/pages"}],"about":[{"href":"http:\/\/proxima.biz.pl\/index.php\/wp-json\/wp\/v2\/types\/page"}],"author":[{"embeddable":true,"href":"http:\/\/proxima.biz.pl\/index.php\/wp-json\/wp\/v2\/users\/1"}],"replies":[{"embeddable":true,"href":"http:\/\/proxima.biz.pl\/index.php\/wp-json\/wp\/v2\/comments?post=56"}],"version-history":[{"count":2,"href":"http:\/\/proxima.biz.pl\/index.php\/wp-json\/wp\/v2\/pages\/56\/revisions"}],"predecessor-version":[{"id":71,"href":"http:\/\/proxima.biz.pl\/index.php\/wp-json\/wp\/v2\/pages\/56\/revisions\/71"}],"up":[{"embeddable":true,"href":"http:\/\/proxima.biz.pl\/index.php\/wp-json\/wp\/v2\/pages\/49"}],"wp:attachment":[{"href":"http:\/\/proxima.biz.pl\/index.php\/wp-json\/wp\/v2\/media?parent=56"}],"curies":[{"name":"wp","href":"https:\/\/api.w.org\/{rel}","templated":true}]}}