{"id":58,"date":"2021-08-29T21:10:40","date_gmt":"2021-08-29T19:10:40","guid":{"rendered":"http:\/\/proxima.biz.pl\/?page_id=58"},"modified":"2021-08-29T21:10:40","modified_gmt":"2021-08-29T19:10:40","slug":"referencje","status":"publish","type":"page","link":"http:\/\/proxima.biz.pl\/index.php\/referencje\/","title":{"rendered":"Referencje"},"content":{"rendered":"<p>Zdobywanie do\u015bwiadcze\u0144 w bran\u017cy administrowania zasobami mieszkaniowymi, sp\u00f3\u0142dzielni mieszkaniowych rozpocz\u0119\u0142o si\u0119 od pracy etatowej w jednej ze sp\u00f3\u0142dzielni w roku 1989.<br \/>\nPotem, po wdro\u017ceniu oprogramowania w tej sp\u00f3\u0142dzielni, zaanga\u017cowa\u0142em si\u0119 w rozw\u00f3j oprogramowania czynszowego i do rozliczania medi\u00f3w. Zaowocowa\u0142o to podj\u0119ciem wsp\u00f3\u0142pracy, a potem pracy w firmie tworz\u0105cej oprogramowanie dla sp\u00f3\u0142dzielni.<br \/>\nNieprzerwany kontakt z klientami, zw\u0142aszcza przy wprowadzaniu komputeryzacji od podstaw, by\u0142 doskona\u0142\u0105 szko\u0142\u0105 dla umiej\u0119tno\u015bci dydaktycznych. Dlatego te\u017c <a href=\"http:\/\/proxima.biz.pl\/referencje\/moje-szkolenia\/\">przeprowadzane przeze mnie szkolenia<\/a> z podstaw u\u017cytkowania systemu Windows, a potem pakietu Office i zarz\u0105dzania spotka\u0142y si\u0119 z pozytywnym odbiorem, co sprawi\u0142o, \u017ce zajmowa\u0142em si\u0119 nimi dodatkowo przez wiele lat.<br \/>\nPo latach zdobywania umiej\u0119tno\u015bci oraz dokszta\u0142cania zajmuj\u0119 si\u0119 szkoleniami, wdro\u017ceniami i bie\u017c\u0105c\u0105 ca\u0142o\u015bciow\u0105 obs\u0142ug\u0105 oprogramowania u\u017cytkowego g\u0142ownie sp\u00f3\u0142dzielni mieszkaniowych.<br \/>\nPrzedstawiona <a href=\"http:\/\/proxima.biz.pl\/referencje\/moje-wdrozenia-oprogramowania\/\">lista klient\u00f3w<\/a> obejmuje podmioty, z kt\u00f3rymi wsp\u00f3\u0142pracowa\u0142em w r\u00f3\u017cnej formie i zakresie podczas wdro\u017ceniach oraz obs\u0142ugi bie\u017c\u0105cej.<br \/>\nNie oznacza to, \u017ce wsp\u00f3\u0142praca z wszystkimi trwa do dzi\u015b, ale ka\u017cdy klient&nbsp;dla mnie by\u0142 przyczynkiem do zdobywania cennych do\u015bwiadcze\u0144.<\/p>\n","protected":false},"excerpt":{"rendered":"<p>Zdobywanie do\u015bwiadcze\u0144 w bran\u017cy administrowania zasobami mieszkaniowymi, sp\u00f3\u0142dzielni mieszkaniowych rozpocz\u0119\u0142o si\u0119 od pracy etatowej w jednej ze sp\u00f3\u0142dzielni w roku 1989. Potem, po wdro\u017ceniu oprogramowania w tej sp\u00f3\u0142dzielni, zaanga\u017cowa\u0142em si\u0119 w rozw\u00f3j oprogramowania czynszowego i do rozliczania medi\u00f3w. Zaowocowa\u0142o to podj\u0119ciem wsp\u00f3\u0142pracy, a potem pracy w firmie tworz\u0105cej oprogramowanie dla sp\u00f3\u0142dzielni. Nieprzerwany kontakt z klientami, [&hellip;]<\/p>\n","protected":false},"author":1,"featured_media":0,"parent":0,"menu_order":0,"comment_status":"closed","ping_status":"closed","template":"","meta":{"footnotes":""},"class_list":["post-58","page","type-page","status-publish","hentry"],"_links":{"self":[{"href":"http:\/\/proxima.biz.pl\/index.php\/wp-json\/wp\/v2\/pages\/58","targetHints":{"allow":["GET"]}}],"collection":[{"href":"http:\/\/proxima.biz.pl\/index.php\/wp-json\/wp\/v2\/pages"}],"about":[{"href":"http:\/\/proxima.biz.pl\/index.php\/wp-json\/wp\/v2\/types\/page"}],"author":[{"embeddable":true,"href":"http:\/\/proxima.biz.pl\/index.php\/wp-json\/wp\/v2\/users\/1"}],"replies":[{"embeddable":true,"href":"http:\/\/proxima.biz.pl\/index.php\/wp-json\/wp\/v2\/comments?post=58"}],"version-history":[{"count":1,"href":"http:\/\/proxima.biz.pl\/index.php\/wp-json\/wp\/v2\/pages\/58\/revisions"}],"predecessor-version":[{"id":60,"href":"http:\/\/proxima.biz.pl\/index.php\/wp-json\/wp\/v2\/pages\/58\/revisions\/60"}],"wp:attachment":[{"href":"http:\/\/proxima.biz.pl\/index.php\/wp-json\/wp\/v2\/media?parent=58"}],"curies":[{"name":"wp","href":"https:\/\/api.w.org\/{rel}","templated":true}]}}