{"id":62,"date":"2021-08-29T21:12:44","date_gmt":"2021-08-29T19:12:44","guid":{"rendered":"http:\/\/proxima.biz.pl\/?page_id=62"},"modified":"2021-08-29T21:12:44","modified_gmt":"2021-08-29T19:12:44","slug":"moje-szkolenia","status":"publish","type":"page","link":"http:\/\/proxima.biz.pl\/index.php\/referencje\/moje-szkolenia\/","title":{"rendered":"Moje szkolenia"},"content":{"rendered":"<p><span style=\"font-family: Verdana; font-size: small;\">Szkolenia realizowane najpierw we wsp\u00f3\u0142pracy z firma &#8222;Kongos&#8221; (od 2000r.), a potem samodzielnie (od 2004 r.)<\/span><\/p>\n<ul>\n<li><span style=\"font-family: Verdana; font-size: small;\"><b>Narodowy Bank Polski w Warszawie<\/b><\/span>\n<ul>\n<li><span style=\"font-family: Verdana; font-size: small;\">\u201cWindows NT\/XP od podstaw\u201d,<\/span><\/li>\n<li><span style=\"font-family: Verdana; font-size: small;\">\u201cExcel\u201d &#8211; r\u00f3\u017cne stopnie zaawansowania,<\/span><\/li>\n<li><span style=\"font-family: Verdana; font-size: small;\">\u201cWord\u201d &#8211; r\u00f3\u017cne stopnie zaawansowania,<\/span><\/li>\n<li><span style=\"font-family: Verdana; font-size: small;\">\u201cAccess\u201d &#8211; stopie\u0144 podstawowy i \u015bredni,<\/span><\/li>\n<li><span style=\"font-family: Verdana; font-size: small;\">\u201cInternet od postaw\u201d.<\/span><\/li>\n<\/ul>\n<\/li>\n<\/ul>\n<p><span style=\"font-family: Verdana; font-size: small;\">Szkolenia realizowane w ramach Centrum Rozwoju Wellness:<\/span><\/p>\n<ul>\n<li><span style=\"font-family: Verdana; font-size: small;\"><b>W Warszawie i w Radomiu<\/b><\/span>\n<ul>\n<li><span style=\"font-family: Verdana; font-size: small;\">\u201cSamozatrunienie, jako dla alternatywa bezrobocia\u201d,<\/span><\/li>\n<li><span style=\"font-family: Verdana; font-size: small;\">\u201cZarz\u0105dzanie 1 osobow\u0105 firm\u0105&#8221;,<\/span><\/li>\n<li><span style=\"font-family: Verdana; font-size: small;\">\u201cMLM jako bezinwestycyjny spos\u00f3b na w\u0142asna firm\u0119&#8221;,<\/span><\/li>\n<li><span style=\"font-family: Verdana; font-size: small;\">wiele innych o podobnej tematyce.<\/span><\/li>\n<\/ul>\n<\/li>\n<\/ul>\n","protected":false},"excerpt":{"rendered":"<p>Szkolenia realizowane najpierw we wsp\u00f3\u0142pracy z firma &#8222;Kongos&#8221; (od 2000r.), a potem samodzielnie (od 2004 r.) Narodowy Bank Polski w Warszawie \u201cWindows NT\/XP od podstaw\u201d, \u201cExcel\u201d &#8211; r\u00f3\u017cne stopnie zaawansowania, \u201cWord\u201d &#8211; r\u00f3\u017cne stopnie zaawansowania, \u201cAccess\u201d &#8211; stopie\u0144 podstawowy i \u015bredni, \u201cInternet od postaw\u201d. Szkolenia realizowane w ramach Centrum Rozwoju Wellness: W Warszawie i w [&hellip;]<\/p>\n","protected":false},"author":1,"featured_media":0,"parent":58,"menu_order":0,"comment_status":"closed","ping_status":"closed","template":"","meta":{"footnotes":""},"class_list":["post-62","page","type-page","status-publish","hentry"],"_links":{"self":[{"href":"http:\/\/proxima.biz.pl\/index.php\/wp-json\/wp\/v2\/pages\/62","targetHints":{"allow":["GET"]}}],"collection":[{"href":"http:\/\/proxima.biz.pl\/index.php\/wp-json\/wp\/v2\/pages"}],"about":[{"href":"http:\/\/proxima.biz.pl\/index.php\/wp-json\/wp\/v2\/types\/page"}],"author":[{"embeddable":true,"href":"http:\/\/proxima.biz.pl\/index.php\/wp-json\/wp\/v2\/users\/1"}],"replies":[{"embeddable":true,"href":"http:\/\/proxima.biz.pl\/index.php\/wp-json\/wp\/v2\/comments?post=62"}],"version-history":[{"count":1,"href":"http:\/\/proxima.biz.pl\/index.php\/wp-json\/wp\/v2\/pages\/62\/revisions"}],"predecessor-version":[{"id":63,"href":"http:\/\/proxima.biz.pl\/index.php\/wp-json\/wp\/v2\/pages\/62\/revisions\/63"}],"up":[{"embeddable":true,"href":"http:\/\/proxima.biz.pl\/index.php\/wp-json\/wp\/v2\/pages\/58"}],"wp:attachment":[{"href":"http:\/\/proxima.biz.pl\/index.php\/wp-json\/wp\/v2\/media?parent=62"}],"curies":[{"name":"wp","href":"https:\/\/api.w.org\/{rel}","templated":true}]}}