{"id":64,"date":"2021-08-29T21:14:06","date_gmt":"2021-08-29T19:14:06","guid":{"rendered":"http:\/\/proxima.biz.pl\/?page_id=64"},"modified":"2021-08-29T21:14:06","modified_gmt":"2021-08-29T19:14:06","slug":"moje-wdrozenia-oprogramowania","status":"publish","type":"page","link":"http:\/\/proxima.biz.pl\/index.php\/referencje\/moje-wdrozenia-oprogramowania\/","title":{"rendered":"Moje wdro\u017cenia oprogramowania"},"content":{"rendered":"<p>Wdro\u017cenia, kt\u00f3re realizowa\u0142em w zespole lub samodzielnie. Dotyczy\u0142y na pocz\u0105tku zagadnie\u0144 zwi\u0105zanych z czynszami, mediami poprzez koszty az do wro\u017cenia ca\u0142ego pakietu zintegrowanego oprogramowania.<\/p>\n<p>Wdro\u017cenia we wsp\u00f3\u0142pracy z firmami &#8222;Proxima Sp. z o.o.&#8221;, potem&nbsp;&#8222;Proxima Informatyka Sp. z o.o.&#8221;, teraz z &#8222;SoftHard SA&#8221;:<\/p>\n<ul>\n<li><span style=\"font-family: Verdana; font-size: small;\"><b>SM w Aleksandrowie \u0141\u00f3dzkim.<\/b><\/span><\/li>\n<li><span style=\"font-family: Verdana; font-size: small;\"><b>SM w Bia\u0142ej Podlaskiej:<\/b><\/span>\n<ul>\n<li><span style=\"font-family: Verdana; font-size: small;\">\u201cZgoda\u201d<\/span><\/li>\n<li><span style=\"font-family: Verdana; font-size: small;\">\u201cBudomex\u201d<\/span><\/li>\n<li><span style=\"font-family: Verdana; font-size: small;\">\u201cKolejarz\u201d<\/span><\/li>\n<\/ul>\n<\/li>\n<li><span style=\"font-family: Verdana; font-size: small;\"><b>W Bia\u0142ymstoku:<\/b><\/span>\n<ul>\n<li><span style=\"font-family: Verdana; font-size: small;\">SM \u201cZach\u0119ta\u201d<\/span><\/li>\n<li><span style=\"font-family: Verdana; font-size: small;\">SM \u201cRodzina Kolejowa\u201d wraz z 5 administacjami osiedli<\/span><\/li>\n<li><span style=\"font-family: Verdana; font-size: small;\">SMLW \u201cS\u0142oneczny Stok\u201d wraz 3 administacjami osiedli<\/span><\/li>\n<li><span style=\"font-family: Verdana; font-size: small;\">SM \u201cBudowlani\u201d<\/span><\/li>\n<li><span style=\"font-family: Verdana; font-size: small;\">SM \u201cBacieczki\u201d<\/span><\/li>\n<li><span style=\"font-family: Verdana; font-size: small;\">SM im. Mickiewicza<\/span><\/li>\n<li><span style=\"font-family: Verdana; font-size: small;\">MGDOM Sp. z o.o.<\/span><\/li>\n<li><span style=\"font-family: Verdana; font-size: small;\">PHU OVEN s.c.<\/span><\/li>\n<li><span style=\"font-family: Verdana; font-size: small;\">SM w Kleosinie<\/span><\/li>\n<li><span style=\"font-family: Verdana; font-size: small;\">SM &#8222;Elemencik&#8221;<\/span><\/li>\n<\/ul>\n<\/li>\n<li><span style=\"font-family: Verdana; font-size: small;\"><b>SMLW w Choroszczy<\/b><\/span><\/li>\n<li><span style=\"font-family: Verdana; font-size: small;\"><b>W Ciechanowie:<\/b><\/span>\n<ul>\n<li><span style=\"font-family: Verdana; font-size: small;\">SM \u201cMazowsze\u201d<\/span><\/li>\n<li><span style=\"font-family: Verdana; font-size: small;\">SMLW \u201cZamek\u201d<\/span><\/li>\n<\/ul>\n<\/li>\n<li><span style=\"font-family: Verdana; font-size: small;\"><b>W Cz\u0119stochowie:<\/b><\/span>\n<ul>\n<li><span style=\"font-family: Verdana; font-size: small;\">SM \u201cP\u00f3\u0142noc\u201d<\/span><\/li>\n<\/ul>\n<\/li>\n<li><span style=\"font-family: Verdana; font-size: small;\"><b>SMLW w D\u0105browie Bia\u0142ostockiej<\/b><\/span><\/li>\n<li><span style=\"font-family: Verdana; font-size: small;\"><b>SMLW w Dzia\u0142dowie<\/b><\/span><\/li>\n<li><span style=\"font-family: Verdana; font-size: small;\"><b>Elbl\u0105ska SM \u201cSielanka\u201d w Elbl\u0105gu<\/b><\/span><\/li>\n<li><span style=\"font-family: Verdana; font-size: small;\"><b>W Garwolinie:<\/b><\/span>\n<ul>\n<li><span style=\"font-family: Verdana; font-size: small;\">SM w Garwolinie<\/span><\/li>\n<li><span style=\"font-family: Verdana; font-size: small;\">MPGK Sp. z o.o.<\/span><\/li>\n<\/ul>\n<\/li>\n<li><span style=\"font-family: Verdana; font-size: small;\"><b>Agencja W\u0142asno\u015bci Rolnej Skarbu Pa\u0144stwa w Gda\u0144sku<\/b><\/span>\n<ul>\n<li><span style=\"font-family: Verdana; font-size: small;\">6 Rejon\u00f3w Mieszkaniowych na terenie ca\u0142ego wojew\u00f3dztwa pomorskiego<\/span><\/li>\n<\/ul>\n<\/li>\n<li><span style=\"font-family: Verdana; font-size: small;\"><b>SM GJL w Gliwicach<\/b><\/span><\/li>\n<li><span style=\"font-family: Verdana; font-size: small;\"><b>SM w G\u00f3rze Kalwarii<\/b><\/span><\/li>\n<li><span style=\"font-family: Verdana; font-size: small;\"><b>MZBM w K\u0142odawie<\/b><\/span><\/li>\n<li><span style=\"font-family: Verdana; font-size: small;\"><b>\u015al\u0105ska SM w Kluczborku<\/b><\/span><\/li>\n<li><span style=\"font-family: Verdana; font-size: small;\"><b>Kolskie TBM Sp. z o.o. w Kole<\/b><\/span><\/li>\n<li><span style=\"font-family: Verdana; font-size: small;\"><b>Konecka SM w Ko\u0144skich<\/b><\/span><\/li>\n<li><span style=\"font-family: Verdana; font-size: small;\"><b>W Kro\u015bnie:<\/b><\/span>\n<ul>\n<li><span style=\"font-family: Verdana; font-size: small;\">Kro\u015bnie\u0144ska SM<\/span><\/li>\n<li><span style=\"font-family: Verdana; font-size: small;\">\u201cOsiedla Mieszkaniowe\u201d Sp. z o.o.<\/span><\/li>\n<\/ul>\n<\/li>\n<li><span style=\"font-family: Verdana; font-size: small;\"><b>RSM w Kutnie<\/b><\/span><\/li>\n<li><span style=\"font-family: Verdana; font-size: small;\"><b>W \u0141apach:<\/b><\/span>\n<ul>\n<li><span style=\"font-family: Verdana; font-size: small;\">SM \u201cKolejarz\u201d<\/span><\/li>\n<li><span style=\"font-family: Verdana;\">\u201cDomy\u201d Sp. z o.o.<\/span><\/li>\n<\/ul>\n<\/li>\n<li><span style=\"font-family: Verdana; font-size: small;\"><b>SM \u201c\u0141\u0119czycanka\u201d w \u0141\u0119czycy<\/b><\/span><\/li>\n<li><span style=\"font-family: Verdana; font-size: small;\"><b>W Legionowiek k\/ Warszawy:<\/b><\/span>\n<ul>\n<li><span style=\"font-family: Verdana; font-size: small;\">SMLW<\/span><\/li>\n<li><span style=\"font-family: Verdana; font-size: small;\">Wojskowa Agencja Mieszkani<b>:<\/b><\/span><\/li>\n<\/ul>\n<\/li>\n<li><span style=\"font-family: Verdana; font-size: small;\"><b>SM w Lipnie<\/b><\/span><\/li>\n<li><span style=\"font-family: Verdana; font-size: small;\"><b>SM w Lipsku<\/b><\/span><\/li>\n<li><span style=\"font-family: Verdana; font-size: small;\"><b>W \u0141odzi:<\/b><\/span>\n<ul>\n<li><span style=\"font-family: Verdana; font-size: small;\">SM \u201cOsiedle M\u0142odych\u201d<\/span><\/li>\n<li><span style=\"font-family: Verdana; font-size: small;\">SM im. M.Reja<\/span><\/li>\n<li><span style=\"font-family: Verdana; font-size: small;\">SM \u201cEltowiec\u201d<\/span><\/li>\n<li><span style=\"font-family: Verdana; font-size: small;\">SM \u201cSympatyczna\u201d<\/span><\/li>\n<\/ul>\n<\/li>\n<li><span style=\"font-family: Verdana; font-size: small;\"><b>Marecka SM w Markach k\/ Warszawy<\/b><\/span><\/li>\n<li><span style=\"font-family: Verdana; font-size: small;\"><b>SM w Micha\u0142owie k\/ Bia\u0142egostoku<\/b><\/span><\/li>\n<li><span style=\"font-family: Verdana; font-size: small;\"><b>SM w Mi\u0119dzyrzeczu Podlaskim<\/b><\/span><\/li>\n<li><span style=\"font-family: Verdana; font-size: small;\"><b>Mielecka SM<\/b><\/span><\/li>\n<li><span style=\"font-family: Verdana; font-size: small;\"><b>SM w Mi\u0144sku Mazowieckim:<\/b><\/span>\n<ul>\n<li><span style=\"font-family: Verdana; font-size: small;\">&#8222;SM Prze\u0142om&#8221;<\/span><\/li>\n<li><span style=\"font-family: Verdana; font-size: small;\">\u201cOSM sada Le\u015bna\u201d<\/span><\/li>\n<\/ul>\n<\/li>\n<li><span style=\"font-family: Verdana; font-size: small;\"><b>SM w Myszkowie:<\/b><\/span>\n<ul>\n<li><span style=\"font-family: Verdana; font-size: small;\">Myszkowska SM<\/span><\/li>\n<li><span style=\"font-family: Verdana; font-size: small;\">SM \u201cMystal\u201d<\/span><\/li>\n<\/ul>\n<\/li>\n<li><span style=\"font-family: Verdana; font-size: small;\"><b>SMLW w Nasielsku<\/b><\/span><\/li>\n<li><span style=\"font-family: Verdana; font-size: small;\"><b>W Otwocku:<\/b><\/span>\n<ul>\n<li><span style=\"font-family: Verdana; font-size: small;\">Otwocka SM<\/span><\/li>\n<li><span style=\"font-family: Verdana; font-size: small;\">Zarz\u0105d Gospodarki Miejskiej<\/span><\/li>\n<\/ul>\n<\/li>\n<li><span style=\"font-family: Verdana; font-size: small;\"><b>W Pionkach:<\/b><\/span>\n<ul>\n<li><span style=\"font-family: Verdana; font-size: small;\">Pionkowska SM<\/span><\/li>\n<li><span style=\"font-family: Verdana; font-size: small;\">Miejski Zak\u0142ad Us\u0142ug Komunalnych<\/span><\/li>\n<\/ul>\n<\/li>\n<li><span style=\"font-family: Verdana; font-size: small;\"><b>W Przemy\u015blu:<\/b><\/span>\n<ul>\n<li><span style=\"font-family: Verdana; font-size: small;\">Przemyska SM<\/span><\/li>\n<li><span style=\"font-family: Verdana; font-size: small;\">Urz\u0105d Marsza\u0142kowski (administracja osiedla)<\/span><\/li>\n<\/ul>\n<\/li>\n<li><span style=\"font-family: Verdana; font-size: small;\"><b>SMLW w Raci\u0105\u017cu<\/b><\/span><\/li>\n<li><span style=\"font-family: Verdana; font-size: small;\"><b>SM w Radomiu:<\/b><\/span>\n<ul>\n<li><span style=\"font-family: Verdana; font-size: small;\">\u201cPo\u0142udnie\u201d im. Jana Kochanowskiego<\/span><\/li>\n<li><span style=\"font-family: Verdana; font-size: small;\">\u201cUstronie\u201d<\/span><\/li>\n<li><span style=\"font-family: Verdana; font-size: small;\">\u201cNasz Dom&#8221;<\/span><\/li>\n<li><span style=\"font-family: Verdana; font-size: small;\">\u201cMicha\u0142\u00f3w\u201d<\/span><\/li>\n<li><span style=\"font-family: Verdana; font-size: small;\">\u201c\u0141ucznik\u201d<\/span><\/li>\n<li><span style=\"font-family: Verdana; font-size: small;\">\u201cIn\u017cynieria\u201d<\/span><\/li>\n<li><span style=\"font-family: Verdana; font-size: small;\">\u201cAlternatywa\u201d<\/span><\/li>\n<li><span style=\"font-family: Verdana; font-size: small;\">\u201cStar\u00f3wka\u201d<\/span><\/li>\n<li><span style=\"font-family: Verdana; font-size: small;\">\u201cBudochem\u201d<\/span><\/li>\n<li><span style=\"font-family: Verdana; font-size: small;\">\u201cMi\u0119dzyzak\u0142adowa\u201d<\/span><\/li>\n<li><span style=\"font-family: Verdana; font-size: small;\">\u201cRadomska\u201d<\/span><\/li>\n<\/ul>\n<\/li>\n<li><span style=\"font-family: Verdana; font-size: small;\"><b>SM &#8222;IHAR&#8221; w Radzikowie<\/b><\/span><\/li>\n<li><span style=\"font-family: Verdana; font-size: small;\"><b>Urz\u0105d Marsza\u0142kowski w Rzeszowie<\/b><\/span><\/li>\n<li><span style=\"font-family: Verdana; font-size: small;\"><b>SM w Wasilkowie<\/b><\/span><\/li>\n<li><span style=\"font-family: Verdana; font-size: small;\"><b>SM w Wasilkowie<\/b><\/span><\/li>\n<li><span style=\"font-family: Verdana; font-size: small;\"><b>w Warszawie:<\/b><\/span>\n<ul>\n<li><span style=\"font-family: Verdana; font-size: small;\">SBM \u201cEC Siekierki\u201d<\/span><\/li>\n<li><span style=\"font-family: Verdana; font-size: small;\">WSBM \u201cChomicz\u00f3wka\u201d<\/span><\/li>\n<li><span style=\"font-family: Verdana; font-size: small;\">Nauczycielska SBM<\/span><\/li>\n<li><span style=\"font-family: Verdana; font-size: small;\">SBM \u201cPrzedwio\u015bnie\u201d<\/span><\/li>\n<li><span style=\"font-family: Verdana; font-size: small;\">SM \u201cRoz\u0142ogi\u201d<\/span><\/li>\n<li><span style=\"font-family: Verdana; font-size: small;\">SBM \u201cRuda\u201d<\/span><\/li>\n<li><span style=\"font-family: Verdana; font-size: small;\">SM \u201cWola\u201d wraz z 3 administracjami osiedli<\/span><\/li>\n<li><span style=\"font-family: Verdana; font-size: small;\">Robotnicza SM wraz z 14 administracjami osiedli<\/span><\/li>\n<li><span style=\"font-family: Verdana; font-size: small;\">SM \u201cGoc\u0142ac\u0142aw Lotnisko\u201d wraz z 3 administracjami osiedli<\/span><\/li>\n<li><span style=\"font-family: Verdana; font-size: small;\">SBM \u201cSztuka\u201d<\/span><\/li>\n<li><span style=\"font-family: Verdana; font-size: small;\">SBM \u201cNowy \u015awiat\u201d<\/span><\/li>\n<li><span style=\"font-family: Verdana; font-size: small;\">SM \u201cOsiedle Star\u00f3wka\u201d<\/span><\/li>\n<li><span style=\"font-family: Verdana; font-size: small;\">SM \u201cEskulap\u201d<\/span><\/li>\n<li><span style=\"font-family: Verdana; font-size: small;\">SM \u201cMi\u0119dzynarodowa\u201d<\/span><\/li>\n<li><span style=\"font-family: Verdana; font-size: small;\">Warszawska SBM<\/span><\/li>\n<li><span style=\"font-family: Verdana; font-size: small;\">SBM \u201cWardom\u201d<\/span><\/li>\n<li><span style=\"font-family: Verdana; font-size: small;\">I \u017boliborska SM<\/span><\/li>\n<li><span style=\"font-family: Verdana; font-size: small;\">MSM \u201cBudowlani\u201d<\/span><\/li>\n<li><span style=\"font-family: Verdana; font-size: small;\">\u015ar\u00f3dmiejska SM<\/span><\/li>\n<li><span style=\"font-family: Verdana; font-size: small;\">SM \u201cMuran\u00f3w\u201d<\/span><\/li>\n<li><span style=\"font-family: Verdana; font-size: small;\">ZRBGP przy Areszcie \u015aledczym Bia\u0142o\u0142\u0119ka<\/span><\/li>\n<li><span style=\"font-family: Verdana; font-size: small;\">Dromaz MPRD Administacja Mieszkaniowa<\/span><\/li>\n<li><span style=\"font-family: Verdana; font-size: small;\">SM \u201cKlub Dwustu\u201d<\/span><\/li>\n<li><span style=\"font-family: Verdana; font-size: small;\">SMLW \u201cNowa\u201d<\/span><\/li>\n<li><span style=\"font-family: Verdana; font-size: small;\">SBM \u201cSyrenka\u201d<\/span><\/li>\n<li><span style=\"font-family: Verdana; font-size: small;\">SM \u201cOsiedle Stryje\u0144ska\u201d<\/span><\/li>\n<li><span style=\"font-family: Verdana; font-size: small;\">AKWIBUD<\/span><\/li>\n<li><span style=\"font-family: Verdana; font-size: small;\">SM \u201cW\u0142odarzewska III\u201d wraz z administracj\u0105 osiedla<\/span><\/li>\n<li><span style=\"font-family: Verdana; font-size: small;\">Mostostal Invest Sp. z o.o.<\/span><\/li>\n<li><span style=\"font-family: Verdana; font-size: small;\">SBM \u201cPerspektywa\u201d<\/span><\/li>\n<li><span style=\"font-family: Verdana; font-size: small;\">SM \u201cOsiedle M\u0142odych\u201d<\/span><\/li>\n<li><span style=\"font-family: Verdana; font-size: small;\">SBM Pracownik\u00f3w Konserwacji Zabytk\u00f3w<\/span><\/li>\n<li><span style=\"font-family: Verdana; font-size: small;\">Continetal Servis Sp. z o.o.<\/span><\/li>\n<li><span style=\"font-family: Verdana; font-size: small;\">SM &#8222;Jasnodworska&#8221;<\/span><\/li>\n<li><span style=\"font-family: Verdana; font-size: small;\">SM Dziennikarzy &#8222;Foksal&#8221;<\/span><\/li>\n<\/ul>\n<\/li>\n<li><span style=\"font-family: Verdana; font-size: small;\"><b>SM we W\u0142oc\u0142awku<\/b><\/span>\n<ul>\n<li><span style=\"font-family: Verdana; font-size: small;\">W\u0142oc\u0142awska<\/span><\/li>\n<li><span style=\"font-family: Verdana; font-size: small;\">&#8222;Zazamcze&#8221;<\/span><\/li>\n<\/ul>\n<\/li>\n<\/ul>\n","protected":false},"excerpt":{"rendered":"<p>Wdro\u017cenia, kt\u00f3re realizowa\u0142em w zespole lub samodzielnie. Dotyczy\u0142y na pocz\u0105tku zagadnie\u0144 zwi\u0105zanych z czynszami, mediami poprzez koszty az do wro\u017cenia ca\u0142ego pakietu zintegrowanego oprogramowania. Wdro\u017cenia we wsp\u00f3\u0142pracy z firmami &#8222;Proxima Sp. z o.o.&#8221;, potem&nbsp;&#8222;Proxima Informatyka Sp. z o.o.&#8221;, teraz z &#8222;SoftHard SA&#8221;: SM w Aleksandrowie \u0141\u00f3dzkim. SM w Bia\u0142ej Podlaskiej: \u201cZgoda\u201d \u201cBudomex\u201d \u201cKolejarz\u201d W Bia\u0142ymstoku: [&hellip;]<\/p>\n","protected":false},"author":1,"featured_media":0,"parent":58,"menu_order":0,"comment_status":"closed","ping_status":"closed","template":"","meta":{"footnotes":""},"class_list":["post-64","page","type-page","status-publish","hentry"],"_links":{"self":[{"href":"http:\/\/proxima.biz.pl\/index.php\/wp-json\/wp\/v2\/pages\/64","targetHints":{"allow":["GET"]}}],"collection":[{"href":"http:\/\/proxima.biz.pl\/index.php\/wp-json\/wp\/v2\/pages"}],"about":[{"href":"http:\/\/proxima.biz.pl\/index.php\/wp-json\/wp\/v2\/types\/page"}],"author":[{"embeddable":true,"href":"http:\/\/proxima.biz.pl\/index.php\/wp-json\/wp\/v2\/users\/1"}],"replies":[{"embeddable":true,"href":"http:\/\/proxima.biz.pl\/index.php\/wp-json\/wp\/v2\/comments?post=64"}],"version-history":[{"count":1,"href":"http:\/\/proxima.biz.pl\/index.php\/wp-json\/wp\/v2\/pages\/64\/revisions"}],"predecessor-version":[{"id":65,"href":"http:\/\/proxima.biz.pl\/index.php\/wp-json\/wp\/v2\/pages\/64\/revisions\/65"}],"up":[{"embeddable":true,"href":"http:\/\/proxima.biz.pl\/index.php\/wp-json\/wp\/v2\/pages\/58"}],"wp:attachment":[{"href":"http:\/\/proxima.biz.pl\/index.php\/wp-json\/wp\/v2\/media?parent=64"}],"curies":[{"name":"wp","href":"https:\/\/api.w.org\/{rel}","templated":true}]}}